{"id":63,"date":"2019-09-24T15:22:26","date_gmt":"2019-09-24T15:22:26","guid":{"rendered":"http:\/\/www.twiga.org.pl\/?page_id=63"},"modified":"2019-10-08T11:41:00","modified_gmt":"2019-10-08T11:41:00","slug":"projekty-biezace","status":"publish","type":"page","link":"http:\/\/www.twiga.org.pl\/index.php\/projekty-biezace\/","title":{"rendered":"Projekty bie\u017c\u0105ce"},"content":{"rendered":"\n<h1><strong><u>Projekty bie\u017c\u0105ce<\/u><\/strong><\/h1>\n\n\n<hr \/>\n\n\n&nbsp;\n\n\n\n\n<!-- NOTE: If you need to make changes to this file, copy it to your current theme's main\n\tdirectory so your changes won't be overwritten when the plugin is upgraded. -->\n\n<!-- Post Wrap Start-->\n<div class=\"post hentry ivycat-post\">\n\n\t<!-- \tThis outputs the post TITLE -->\n\t<h2 class=\"entry-title\"><a href=\"http:\/\/www.twiga.org.pl\/index.php\/2023\/04\/18\/warsztat-komunikacji-miedzykulturowej-w-osrodku-pomocy-spolecznej-dzielnicy-ochota-m-st-warszawy\/\">Warsztat komunikacji mi\u0119dzykulturowej w O\u015brodku Pomocy Spo\u0142ecznej Dzielnicy Ochota m.st. Warszawy<\/a><\/h2>\n\n\t<!-- \tThis outputs the post EXCERPT.  To display full content including images and html,\n\t\treplace the_excerpt(); with the_content();  below. -->\n\t<div class=\"entry-summary\">\n\t\t<p>18 kwietnia 2023 zaproszenie O\u015brodek Pomocy Spo\u0142ecznej Dzielnicy Ochota m.st. Warszawy rozmawiali\u015bmy o komunikacji mi\u0119dzykulturowej i etycznej narracji z przedstawicielami ochockich s\u0142u\u017cb i instytucji. Serdecznie dzi\u0119kujemy za zaproszenie i mi\u0142y, inspiruj\u0105cy czas. Warsztat realizowany w ramach projektu &#8222;The Art of help &#8211; phase 2&#8221; ze \u015brodk\u00f3w Americares.<\/p>\n\t<\/div>\n\n\t<!--\tThis outputs the post META information -->\n\t<div class=\"entry-utility\">\n\t\t\t\t\t<span class=\"cat-links\">\n\t\t\t\t<span class=\"entry-utility-prep entry-utility-prep-cat-links\">Posted in<\/span> <a href=\"http:\/\/www.twiga.org.pl\/index.php\/category\/projekty\/projekty-biezace\/\" rel=\"category tag\">Projekty bie\u017c\u0105ce<\/a>\t\t\t<\/span>\n\t\t\t<span class=\"meta-sep\">|<\/span>\n\t\t\t\t\t\t<span class=\"comments-link\">\n\t\t\t<a href=\"http:\/\/www.twiga.org.pl\/index.php\/2023\/04\/18\/warsztat-komunikacji-miedzykulturowej-w-osrodku-pomocy-spolecznej-dzielnicy-ochota-m-st-warszawy\/#respond\">Leave a comment<\/a>\t\t<\/span>\n\t\t\t<\/div>\n<\/div>\n<!-- \/\/ Post Wrap End -->\n\n<!-- NOTE: If you need to make changes to this file, copy it to your current theme's main\n\tdirectory so your changes won't be overwritten when the plugin is upgraded. -->\n\n<!-- Post Wrap Start-->\n<div class=\"post hentry ivycat-post\">\n\n\t<!-- \tThis outputs the post TITLE -->\n\t<h2 class=\"entry-title\"><a href=\"http:\/\/www.twiga.org.pl\/index.php\/2023\/04\/14\/warsztaty-na-temat-mobbingu-w-pracy-i-dyskryminacji-w-jezyku\/\">Warsztaty na temat mobbingu w pracy i dyskryminacji w j\u0119zyku<\/a><\/h2>\n\n\t<!-- \tThis outputs the post EXCERPT.  To display full content including images and html,\n\t\treplace the_excerpt(); with the_content();  below. -->\n\t<div class=\"entry-summary\">\n\t\t<p>W dniach 13 i 14 kwietnia 2023 na zaproszenie Sp\u00f3\u0142dzielni S\u0142uszna Strawa zrealizowali\u015bmy warsztaty dla pracowniczek i pracownik\u00f3w tej wyj\u0105tkowej inicjatywy, pochodz\u0105cych z r\u00f3\u017cnych kr\u0119g\u00f3w kulturowych. Dwa wyj\u0105tkowo ciekawe dni min\u0119\u0142y nam na trudnych, ale te\u017c konstruktywnych rozmowach na wa\u017cne tematy zwi\u0105zane z rozpoznawaniem i przeciwdzia\u0142aniem mobbingowi w pracy a tak\u017ce formach dyskryminacji, szczeg\u00f3lnie tej <a class=\"read-more\" href=\"http:\/\/www.twiga.org.pl\/index.php\/2023\/04\/14\/warsztaty-na-temat-mobbingu-w-pracy-i-dyskryminacji-w-jezyku\/\"><\/p>\n<p>Czytaj wi\u0119cej!<\/a><\/p>\n\t<\/div>\n\n\t<!--\tThis outputs the post META information -->\n\t<div class=\"entry-utility\">\n\t\t\t\t\t<span class=\"cat-links\">\n\t\t\t\t<span class=\"entry-utility-prep entry-utility-prep-cat-links\">Posted in<\/span> <a href=\"http:\/\/www.twiga.org.pl\/index.php\/category\/projekty\/projekty-biezace\/\" rel=\"category tag\">Projekty bie\u017c\u0105ce<\/a>\t\t\t<\/span>\n\t\t\t<span class=\"meta-sep\">|<\/span>\n\t\t\t\t\t\t<span class=\"comments-link\">\n\t\t\t<a href=\"http:\/\/www.twiga.org.pl\/index.php\/2023\/04\/14\/warsztaty-na-temat-mobbingu-w-pracy-i-dyskryminacji-w-jezyku\/#respond\">Leave a comment<\/a>\t\t<\/span>\n\t\t\t<\/div>\n<\/div>\n<!-- \/\/ Post Wrap End -->\n\n<!-- NOTE: If you need to make changes to this file, copy it to your current theme's main\n\tdirectory so your changes won't be overwritten when the plugin is upgraded. -->\n\n<!-- Post Wrap Start-->\n<div class=\"post hentry ivycat-post\">\n\n\t<!-- \tThis outputs the post TITLE -->\n\t<h2 class=\"entry-title\"><a href=\"http:\/\/www.twiga.org.pl\/index.php\/2023\/03\/30\/zakonczylismy-testowanie-innowacji-miedzykulturowa-integracja-i-rozwijanie-potencjalow\/\">Zako\u0144czyli\u015bmy testowanie innowacji &#8222;Mi\u0119dzykulturowa integracja i rozwijanie potencja\u0142\u00f3w&#8221;<\/a><\/h2>\n\n\t<!-- \tThis outputs the post EXCERPT.  To display full content including images and html,\n\t\treplace the_excerpt(); with the_content();  below. -->\n\t<div class=\"entry-summary\">\n\t\t<p>Od stycznia do ko\u0144ca marca nasze edukatorki i edukator, kt\u00f3rzy odbyli szkolenia przygotowuj\u0105ce do prowadzenia warsztat\u00f3w zmierzyli si\u0119 z wyzwaniem prowadzenia warsztat\u00f3w wed\u0142ug przygotowanych przez siebie scenariuszy. Zrealizowali kilkadziesi\u0105t warsztat\u00f3w dla r\u00f3\u017cnych grup wiekowych w szko\u0142ach, \u015bwietlicach \u015brodowiskowych itp. plac\u00f3wkach. Prowadzenie warsztat\u00f3w z zakresu edukacji globalnej, ze szczeg\u00f3lnym naciskiem na edukacj\u0119\u00a0mi\u0119dzykulturow\u0105 z komponentem antydyskryminacyjnym, okaza\u0142o <a class=\"read-more\" href=\"http:\/\/www.twiga.org.pl\/index.php\/2023\/03\/30\/zakonczylismy-testowanie-innowacji-miedzykulturowa-integracja-i-rozwijanie-potencjalow\/\"><\/p>\n<p>Czytaj wi\u0119cej!<\/a><\/p>\n\t<\/div>\n\n\t<!--\tThis outputs the post META information -->\n\t<div class=\"entry-utility\">\n\t\t\t\t\t<span class=\"cat-links\">\n\t\t\t\t<span class=\"entry-utility-prep entry-utility-prep-cat-links\">Posted in<\/span> <a href=\"http:\/\/www.twiga.org.pl\/index.php\/category\/projekty\/projekty-biezace\/\" rel=\"category tag\">Projekty bie\u017c\u0105ce<\/a>\t\t\t<\/span>\n\t\t\t<span class=\"meta-sep\">|<\/span>\n\t\t\t\t\t\t<span class=\"comments-link\">\n\t\t\t<a href=\"http:\/\/www.twiga.org.pl\/index.php\/2023\/03\/30\/zakonczylismy-testowanie-innowacji-miedzykulturowa-integracja-i-rozwijanie-potencjalow\/#respond\">Leave a comment<\/a>\t\t<\/span>\n\t\t\t<\/div>\n<\/div>\n<!-- \/\/ Post Wrap End -->\n\n<!-- NOTE: If you need to make changes to this file, copy it to your current theme's main\n\tdirectory so your changes won't be overwritten when the plugin is upgraded. -->\n\n<!-- Post Wrap Start-->\n<div class=\"post hentry ivycat-post\">\n\n\t<!-- \tThis outputs the post TITLE -->\n\t<h2 class=\"entry-title\"><a href=\"http:\/\/www.twiga.org.pl\/index.php\/2023\/03\/30\/warsztaty-edukacji-miedzykulturowej-i-art-terapii\/\">Warsztaty edukacji mi\u0119dzykulturowej i art-terapii<\/a><\/h2>\n\n\t<!-- \tThis outputs the post EXCERPT.  To display full content including images and html,\n\t\treplace the_excerpt(); with the_content();  below. -->\n\t<div class=\"entry-summary\">\n\t\t<p>Kontynuujemy nasze warsztaty edukacji mi\u0119dzykulturowej i art-terapii realizowane w Arce Fundacji Dzieci &#8211; Arce Lukasza Podolskieo w Warszawie oraz \u015awietlicy \u015arodowiskowej \u015awietlik w Rybiu. Wraz z podopiecznymi tych plac\u00f3wek w ostatnich tygodniach rozmawiali\u015bmy m.in. o Nowej Zelandii i Kenii a tak\u017ce wykonywali\u015bmy r\u0119kodzie\u0142o i prac\u0119\u00a0plastyczne inspirowane tradycjami tych pa\u0144stw. Warsztaty realizowane s\u0105 w ramach projektu <a class=\"read-more\" href=\"http:\/\/www.twiga.org.pl\/index.php\/2023\/03\/30\/warsztaty-edukacji-miedzykulturowej-i-art-terapii\/\"><\/p>\n<p>Czytaj wi\u0119cej!<\/a><\/p>\n\t<\/div>\n\n\t<!--\tThis outputs the post META information -->\n\t<div class=\"entry-utility\">\n\t\t\t\t\t<span class=\"cat-links\">\n\t\t\t\t<span class=\"entry-utility-prep entry-utility-prep-cat-links\">Posted in<\/span> <a href=\"http:\/\/www.twiga.org.pl\/index.php\/category\/projekty\/projekty-biezace\/\" rel=\"category tag\">Projekty bie\u017c\u0105ce<\/a>\t\t\t<\/span>\n\t\t\t<span class=\"meta-sep\">|<\/span>\n\t\t\t\t\t\t<span class=\"comments-link\">\n\t\t\t<a href=\"http:\/\/www.twiga.org.pl\/index.php\/2023\/03\/30\/warsztaty-edukacji-miedzykulturowej-i-art-terapii\/#respond\">Leave a comment<\/a>\t\t<\/span>\n\t\t\t<\/div>\n<\/div>\n<!-- \/\/ Post Wrap End -->\n\n<!-- NOTE: If you need to make changes to this file, copy it to your current theme's main\n\tdirectory so your changes won't be overwritten when the plugin is upgraded. -->\n\n<!-- Post Wrap Start-->\n<div class=\"post hentry ivycat-post\">\n\n\t<!-- \tThis outputs the post TITLE -->\n\t<h2 class=\"entry-title\"><a href=\"http:\/\/www.twiga.org.pl\/index.php\/2023\/02\/28\/bezplatny-kurs-jezyka-polskiego-%d0%bf%d0%be%d1%87%d0%b8%d0%bd%d0%b0%d1%94%d1%82%d1%8c%d1%81%d1%8f-%d0%b1%d0%b5%d0%b7%d0%ba%d0%be%d1%88%d1%82%d0%be%d0%b2%d0%bd%d0%b8%d0%b9-%d0%ba%d1%83%d1%80%d1%81-4\/\">Bezp\u0142atny kurs j\u0119zyka polskiego\/\u041f\u043e\u0447\u0438\u043d\u0430\u0454\u0442\u044c\u0441\u044f \u0431\u0435\u0437\u043a\u043e\u0448\u0442\u043e\u0432\u043d\u0438\u0439 \u043a\u0443\u0440\u0441 \u043f\u043e\u043b\u044c\u0441\u044c\u043a\u043e\u0457 \u043c\u043e\u0432\u0438, ONLINE<\/a><\/h2>\n\n\t<!-- \tThis outputs the post EXCERPT.  To display full content including images and html,\n\t\treplace the_excerpt(); with the_content();  below. -->\n\t<div class=\"entry-summary\">\n\t\t<p>\u041f\u043e\u0447\u0438\u043d\u0430\u0454\u0442\u044c\u0441\u044f \u0431\u0435\u0437\u043a\u043e\u0448\u0442\u043e\u0432\u043d\u0438\u0439 \u043a\u0443\u0440\u0441 \u043f\u043e\u043b\u044c\u0441\u044c\u043a\u043e\u0457 \u043c\u043e\u0432\u0438, ONLINE, \u0440\u0456\u0432\u0435\u043d\u044c A1 \u0438 \u0440\u0456\u0432\u0435\u043d\u044c A1.2, \u0434\u043b\u044f \u0432\u0441\u0456\u0445 \u0434\u043e\u0440\u043e\u0441\u043b\u0438\u0445, \u0445\u0442\u043e \u0437\u043d\u0430\u0454 \u0441\u043b\u043e\u0432&#8217;\u044f\u043d\u0441\u044c\u043a\u0443 \u043c\u043e\u0432\u0443.\u0417\u0430\u043f\u0440\u043e\u0448\u0443\u0454\u043c\u043e \u0437\u0430\u0446\u0456\u043a\u0430\u0432\u043b\u0435\u043d\u0438\u0445 \u043e\u0441\u0456\u0431 \u0434\u043e \u043a\u043e\u043d\u0442\u0430\u043a\u0442\u0443, \u0431\u0443\u0434\u044c \u043b\u0430\u0441\u043a\u0430, \u043d\u0430\u0434\u0441\u0438\u043b\u0430\u0439\u0442\u0435 \u0435\u043b\u0435\u043a\u0442\u0440\u043e\u043d\u043d\u0438\u0439 \u043b\u0438\u0441\u0442 \u043d\u0430 \u0430\u0434\u0440\u0435\u0441\u0443: paulina.zajac@twiga.org.pl***Otwieramy nab\u00f3r na bezp\u0142atny kurs j\u0119zyka polskiego, ONLINE, poziom A 1 i A 1.2, dla os\u00f3b doros\u0142ych, znaj\u0105cych j\u0119zyk z grupy j. s\u0142owia\u0144skich.Zainteresowanych prosimy o zapisy <a class=\"read-more\" href=\"http:\/\/www.twiga.org.pl\/index.php\/2023\/02\/28\/bezplatny-kurs-jezyka-polskiego-%d0%bf%d0%be%d1%87%d0%b8%d0%bd%d0%b0%d1%94%d1%82%d1%8c%d1%81%d1%8f-%d0%b1%d0%b5%d0%b7%d0%ba%d0%be%d1%88%d1%82%d0%be%d0%b2%d0%bd%d0%b8%d0%b9-%d0%ba%d1%83%d1%80%d1%81-4\/\"><\/p>\n<p>Czytaj wi\u0119cej!<\/a><\/p>\n\t<\/div>\n\n\t<!--\tThis outputs the post META information -->\n\t<div class=\"entry-utility\">\n\t\t\t\t\t<span class=\"cat-links\">\n\t\t\t\t<span class=\"entry-utility-prep entry-utility-prep-cat-links\">Posted in<\/span> <a href=\"http:\/\/www.twiga.org.pl\/index.php\/category\/projekty\/projekty-biezace\/\" rel=\"category tag\">Projekty bie\u017c\u0105ce<\/a>\t\t\t<\/span>\n\t\t\t<span class=\"meta-sep\">|<\/span>\n\t\t\t\t\t\t<span class=\"comments-link\">\n\t\t\t<a href=\"http:\/\/www.twiga.org.pl\/index.php\/2023\/02\/28\/bezplatny-kurs-jezyka-polskiego-%d0%bf%d0%be%d1%87%d0%b8%d0%bd%d0%b0%d1%94%d1%82%d1%8c%d1%81%d1%8f-%d0%b1%d0%b5%d0%b7%d0%ba%d0%be%d1%88%d1%82%d0%be%d0%b2%d0%bd%d0%b8%d0%b9-%d0%ba%d1%83%d1%80%d1%81-4\/#respond\">Leave a comment<\/a>\t\t<\/span>\n\t\t\t<\/div>\n<\/div>\n<!-- \/\/ Post Wrap End -->\n\n<!-- NOTE: If you need to make changes to this file, copy it to your current theme's main\n\tdirectory so your changes won't be overwritten when the plugin is upgraded. -->\n\n<!-- Post Wrap Start-->\n<div class=\"post hentry ivycat-post\">\n\n\t<!-- \tThis outputs the post TITLE -->\n\t<h2 class=\"entry-title\"><a href=\"http:\/\/www.twiga.org.pl\/index.php\/2023\/02\/28\/bezplatny-kurs-jezyka-polskiego-%d0%bf%d0%be%d1%87%d0%b8%d0%bd%d0%b0%d1%94%d1%82%d1%8c%d1%81%d1%8f-%d0%b1%d0%b5%d0%b7%d0%ba%d0%be%d1%88%d1%82%d0%be%d0%b2%d0%bd%d0%b8%d0%b9-%d0%ba%d1%83%d1%80%d1%81-3\/\">Bezp\u0142atny kurs j\u0119zyka polskiego\/\u041f\u043e\u0447\u0438\u043d\u0430\u0454\u0442\u044c\u0441\u044f \u0431\u0435\u0437\u043a\u043e\u0448\u0442\u043e\u0432\u043d\u0438\u0439 \u043a\u0443\u0440\u0441 \u043f\u043e\u043b\u044c\u0441\u044c\u043a\u043e\u0457 \u043c\u043e\u0432\u0438, ONLINE<\/a><\/h2>\n\n\t<!-- \tThis outputs the post EXCERPT.  To display full content including images and html,\n\t\treplace the_excerpt(); with the_content();  below. -->\n\t<div class=\"entry-summary\">\n\t\t<p>\u041f\u043e\u0447\u0438\u043d\u0430\u0454\u0442\u044c\u0441\u044f \u0431\u0435\u0437\u043a\u043e\u0448\u0442\u043e\u0432\u043d\u0438\u0439 \u043a\u0443\u0440\u0441 \u043f\u043e\u043b\u044c\u0441\u044c\u043a\u043e\u0457 \u043c\u043e\u0432\u0438, ONLINE, \u0440\u0456\u0432\u0435\u043d\u044c A2, \u0434\u043b\u044f \u0432\u0441\u0456\u0445 \u0434\u043e\u0440\u043e\u0441\u043b\u0438\u0445, \u0445\u0442\u043e \u0437\u043d\u0430\u0454 \u0441\u043b\u043e\u0432&#8217;\u044f\u043d\u0441\u044c\u043a\u0443 \u043c\u043e\u0432\u0443.\u0417\u0430\u043f\u0440\u043e\u0448\u0443\u0454\u043c\u043e \u0437\u0430\u0446\u0456\u043a\u0430\u0432\u043b\u0435\u043d\u0438\u0445 \u043e\u0441\u0456\u0431 \u0434\u043e \u043a\u043e\u043d\u0442\u0430\u043a\u0442\u0443, \u0431\u0443\u0434\u044c \u043b\u0430\u0441\u043a\u0430, \u043d\u0430\u0434\u0441\u0438\u043b\u0430\u0439\u0442\u0435 \u0435\u043b\u0435\u043a\u0442\u0440\u043e\u043d\u043d\u0438\u0439 \u043b\u0438\u0441\u0442 \u043d\u0430 \u0430\u0434\u0440\u0435\u0441\u0443: paulina.zajac@twiga.org.pl***Otwieramy nab\u00f3r na bezp\u0142atny kurs j\u0119zyka polskiego, ONLINE, poziom A2, dla os\u00f3b doros\u0142ych, znaj\u0105cych j\u0119zyk z grupy j. s\u0142owia\u0144skich.Zainteresowanych prosimy o zapisy poprzez email: paulina.zajac@twiga.org.pl<\/p>\n\t<\/div>\n\n\t<!--\tThis outputs the post META information -->\n\t<div class=\"entry-utility\">\n\t\t\t\t\t<span class=\"cat-links\">\n\t\t\t\t<span class=\"entry-utility-prep entry-utility-prep-cat-links\">Posted in<\/span> <a href=\"http:\/\/www.twiga.org.pl\/index.php\/category\/projekty\/projekty-biezace\/\" rel=\"category tag\">Projekty bie\u017c\u0105ce<\/a>\t\t\t<\/span>\n\t\t\t<span class=\"meta-sep\">|<\/span>\n\t\t\t\t\t\t<span class=\"comments-link\">\n\t\t\t<a href=\"http:\/\/www.twiga.org.pl\/index.php\/2023\/02\/28\/bezplatny-kurs-jezyka-polskiego-%d0%bf%d0%be%d1%87%d0%b8%d0%bd%d0%b0%d1%94%d1%82%d1%8c%d1%81%d1%8f-%d0%b1%d0%b5%d0%b7%d0%ba%d0%be%d1%88%d1%82%d0%be%d0%b2%d0%bd%d0%b8%d0%b9-%d0%ba%d1%83%d1%80%d1%81-3\/#respond\">Leave a comment<\/a>\t\t<\/span>\n\t\t\t<\/div>\n<\/div>\n<!-- \/\/ Post Wrap End -->\n\n<!-- NOTE: If you need to make changes to this file, copy it to your current theme's main\n\tdirectory so your changes won't be overwritten when the plugin is upgraded. -->\n\n<!-- Post Wrap Start-->\n<div class=\"post hentry ivycat-post\">\n\n\t<!-- \tThis outputs the post TITLE -->\n\t<h2 class=\"entry-title\"><a href=\"http:\/\/www.twiga.org.pl\/index.php\/2023\/01\/30\/doradztwo-zawodowe-dla-migrantow-job-advisory-for-migrants-%d0%ba%d0%be%d0%bd%d1%81%d1%83%d0%bb%d1%8c%d1%82%d0%b0%d1%86%d0%b8%d0%b8-%d0%bf%d0%be-%d0%bf%d0%be-%d1%80%d0%b0%d0%b1%d0%be%d1%82%d0%b5\/\">Doradztwo zawodowe dla migrant\u00f3w \/ Job advisory for migrants\/ \u041a\u043e\u043d\u0441\u0443\u043b\u044c\u0442\u0430\u0446\u0438\u0438 \u043f\u043e \u043f\u043e \u0440\u0430\u0431\u043e\u0442\u0435 \u0434\u043b\u044f \u043c\u0438\u0433\u0440\u0430\u043d\u0442\u043e\u0432<\/a><\/h2>\n\n\t<!-- \tThis outputs the post EXCERPT.  To display full content including images and html,\n\t\treplace the_excerpt(); with the_content();  below. -->\n\t<div class=\"entry-summary\">\n\t\t<p>Szukasz pracy? Skontaktuj si\u0119 z naszym doradc\u0105. Are you looking for a job? Contact our job counselor. &nbsp;\u0412\u044b \u0438\u0449\u0435\u0442\u0435 \u0440\u0430\u0431\u043e\u0442\u0443? \u0421\u0432\u044f\u0436\u0438\u0442\u0435\u0441\u044c \u0441 \u043d\u0430\u0448\u0438\u043c \u043a\u043e\u043d\u0441\u0443\u043b\u044c\u0442\u0430\u043d\u0442\u043e\u043c \u0412\u0438 \u0448\u0443\u043a\u0430\u0454\u0442\u0435 \u0440\u043e\u0431\u043e\u0442\u0443? \u0417\u0432&#8217;\u044f\u0436\u0456\u0442\u044c\u0441\u044f \u0437 \u043d\u0430\u0448\u0438\u043c \u043a\u043e\u043d\u0441\u0443\u043b\u044c\u0442\u0430\u043d\u0442\u043e\u043c magda@twiga.org.pl Projekt finansowany przez Action Aid, realizowany w partnerstwie z Fundacj\u0105 Dobry Start dla Migrant\u00f3w im. A. G. Faraha<\/p>\n\t<\/div>\n\n\t<!--\tThis outputs the post META information -->\n\t<div class=\"entry-utility\">\n\t\t\t\t\t<span class=\"cat-links\">\n\t\t\t\t<span class=\"entry-utility-prep entry-utility-prep-cat-links\">Posted in<\/span> <a href=\"http:\/\/www.twiga.org.pl\/index.php\/category\/projekty\/projekty-biezace\/\" rel=\"category tag\">Projekty bie\u017c\u0105ce<\/a>\t\t\t<\/span>\n\t\t\t<span class=\"meta-sep\">|<\/span>\n\t\t\t\t\t\t<span class=\"comments-link\">\n\t\t\t<a href=\"http:\/\/www.twiga.org.pl\/index.php\/2023\/01\/30\/doradztwo-zawodowe-dla-migrantow-job-advisory-for-migrants-%d0%ba%d0%be%d0%bd%d1%81%d1%83%d0%bb%d1%8c%d1%82%d0%b0%d1%86%d0%b8%d0%b8-%d0%bf%d0%be-%d0%bf%d0%be-%d1%80%d0%b0%d0%b1%d0%be%d1%82%d0%b5\/#respond\">Leave a comment<\/a>\t\t<\/span>\n\t\t\t<\/div>\n<\/div>\n<!-- \/\/ Post Wrap End -->\n\n<!-- NOTE: If you need to make changes to this file, copy it to your current theme's main\n\tdirectory so your changes won't be overwritten when the plugin is upgraded. -->\n\n<!-- Post Wrap Start-->\n<div class=\"post hentry ivycat-post\">\n\n\t<!-- \tThis outputs the post TITLE -->\n\t<h2 class=\"entry-title\"><a href=\"http:\/\/www.twiga.org.pl\/index.php\/2022\/11\/28\/warsztaty-edukacji-miedzykulturowej-i-art-terapii-w-arce-lukasza-podolskiego\/\">Warsztaty edukacji mi\u0119dzykulturowej i art-terapii w Arce Lukasza Podolskiego<\/a><\/h2>\n\n\t<!-- \tThis outputs the post EXCERPT.  To display full content including images and html,\n\t\treplace the_excerpt(); with the_content();  below. -->\n\t<div class=\"entry-summary\">\n\t\t<p>Kontynuujemy nasze warsztaty edukacji mi\u0119dzykulturowej i art-terapii realizowane w Arce Fundacji Dzieci &#8211; Arce Lukasza Podolskieo w Warszawie. Wraz z podopiecznymi Arki w ostatnich tygodniach rozmawiali\u015bmy m.in. o Indiach i Chinach oraz wykonywali\u015bmy r\u0119kodzie\u0142o inspirowane tradycjami tych pa\u0144stw. Warsztaty realizowane s\u0105 w ramach projektu &#8222;The Art of help &#8211; phase 2&#8221; ze \u015brodk\u00f3w Americares.<\/p>\n\t<\/div>\n\n\t<!--\tThis outputs the post META information -->\n\t<div class=\"entry-utility\">\n\t\t\t\t\t<span class=\"cat-links\">\n\t\t\t\t<span class=\"entry-utility-prep entry-utility-prep-cat-links\">Posted in<\/span> <a href=\"http:\/\/www.twiga.org.pl\/index.php\/category\/projekty\/projekty-biezace\/\" rel=\"category tag\">Projekty bie\u017c\u0105ce<\/a>\t\t\t<\/span>\n\t\t\t<span class=\"meta-sep\">|<\/span>\n\t\t\t\t\t\t<span class=\"comments-link\">\n\t\t\t<a href=\"http:\/\/www.twiga.org.pl\/index.php\/2022\/11\/28\/warsztaty-edukacji-miedzykulturowej-i-art-terapii-w-arce-lukasza-podolskiego\/#respond\">Leave a comment<\/a>\t\t<\/span>\n\t\t\t<\/div>\n<\/div>\n<!-- \/\/ Post Wrap End -->\n\n<!-- NOTE: If you need to make changes to this file, copy it to your current theme's main\n\tdirectory so your changes won't be overwritten when the plugin is upgraded. -->\n\n<!-- Post Wrap Start-->\n<div class=\"post hentry ivycat-post\">\n\n\t<!-- \tThis outputs the post TITLE -->\n\t<h2 class=\"entry-title\"><a href=\"http:\/\/www.twiga.org.pl\/index.php\/2022\/09\/07\/rekrutujemy-uczestniczki-i-uczestnikow-innowacji-spolecznej-zapraszamy-migrantow-i-migrantki\/\">Rekrutujemy uczestniczki i uczestnik\u00f3w innowacji spo\u0142ecznej &#8211; zapraszamy migrant\u00f3w i migrantki.<\/a><\/h2>\n\n\t<!-- \tThis outputs the post EXCERPT.  To display full content including images and html,\n\t\treplace the_excerpt(); with the_content();  below. -->\n\t<div class=\"entry-summary\">\n\t\t<p>Chcesz nauczy\u0107 si\u0119 polskiego na poziomie B2, nauczy\u0107 si\u0119 prowadzi\u0107 warsztaty wielokulturowe i zmieni\u0107 swoj\u0105 drog\u0119 zawodow\u0105? Zapraszamy do udzia\u0142u w naszym programie szkoleniowo &#8211; trenerskim. Udzia\u0142 w kursach bezp\u0142atny, za prowadzenie warsztat\u00f3w otrzymuje si\u0119 wynagrodzenie. Harmonogram: &#8211; wrzesie\u0144 \u2013 grudzie\u0144 2022: kurs polskiego, poziom B2, 60 godzin online. Udzia\u0142 bezp\u0142atny &#8211; listopad: jeden weekend, <a class=\"read-more\" href=\"http:\/\/www.twiga.org.pl\/index.php\/2022\/09\/07\/rekrutujemy-uczestniczki-i-uczestnikow-innowacji-spolecznej-zapraszamy-migrantow-i-migrantki\/\"><\/p>\n<p>Czytaj wi\u0119cej!<\/a><\/p>\n\t<\/div>\n\n\t<!--\tThis outputs the post META information -->\n\t<div class=\"entry-utility\">\n\t\t\t\t\t<span class=\"cat-links\">\n\t\t\t\t<span class=\"entry-utility-prep entry-utility-prep-cat-links\">Posted in<\/span> <a href=\"http:\/\/www.twiga.org.pl\/index.php\/category\/projekty\/projekty-biezace\/\" rel=\"category tag\">Projekty bie\u017c\u0105ce<\/a>, <a href=\"http:\/\/www.twiga.org.pl\/index.php\/category\/wydarzenia\/\" rel=\"category tag\">Wydarzenia<\/a>\t\t\t<\/span>\n\t\t\t<span class=\"meta-sep\">|<\/span>\n\t\t\t\t\t\t<span class=\"comments-link\">\n\t\t\t<a href=\"http:\/\/www.twiga.org.pl\/index.php\/2022\/09\/07\/rekrutujemy-uczestniczki-i-uczestnikow-innowacji-spolecznej-zapraszamy-migrantow-i-migrantki\/#respond\">Leave a comment<\/a>\t\t<\/span>\n\t\t\t<\/div>\n<\/div>\n<!-- \/\/ Post Wrap End -->\n\n<!-- NOTE: If you need to make changes to this file, copy it to your current theme's main\n\tdirectory so your changes won't be overwritten when the plugin is upgraded. -->\n\n<!-- Post Wrap Start-->\n<div class=\"post hentry ivycat-post\">\n\n\t<!-- \tThis outputs the post TITLE -->\n\t<h2 class=\"entry-title\"><a href=\"http:\/\/www.twiga.org.pl\/index.php\/2022\/07\/31\/summer-camp-w-portugalii-talking-bubbles-international-comics-competition\/\">Summer Camp w Portugalii &#8211; Talking Bubbles International Comics Competition<\/a><\/h2>\n\n\t<!-- \tThis outputs the post EXCERPT.  To display full content including images and html,\n\t\treplace the_excerpt(); with the_content();  below. -->\n\t<div class=\"entry-summary\">\n\t\t<p>W dniach 25 &#8211; 31.07.2022 przebywali\u015bmy w Sesimbra Natura Park, w Portugalii, gdzie odbywa\u0142 si\u0119 mi\u0119dzynarodowy, artystyczny summer camp dla laureat\u00f3w i laureatek konkursu komiksowego z Polski, Czech, S\u0142owenii i Portugalii. Uczestnicy i uczestniczki zaprezentowali swoje, nagrodzone komiksy, wzi\u0119li udzia\u0142 w warsztatach dotycz\u0105cych migracji, nier\u00f3wno\u015bci oraz zmian klimatu. Wi\u0119kszy nacisk po\u0142o\u017cono na cz\u0119\u015b\u0107 artystyczn\u0105 &#8211; <a class=\"read-more\" href=\"http:\/\/www.twiga.org.pl\/index.php\/2022\/07\/31\/summer-camp-w-portugalii-talking-bubbles-international-comics-competition\/\"><\/p>\n<p>Czytaj wi\u0119cej!<\/a><\/p>\n\t<\/div>\n\n\t<!--\tThis outputs the post META information -->\n\t<div class=\"entry-utility\">\n\t\t\t\t\t<span class=\"cat-links\">\n\t\t\t\t<span class=\"entry-utility-prep entry-utility-prep-cat-links\">Posted in<\/span> <a href=\"http:\/\/www.twiga.org.pl\/index.php\/category\/projekty\/projekty-biezace\/\" rel=\"category tag\">Projekty bie\u017c\u0105ce<\/a>, <a href=\"http:\/\/www.twiga.org.pl\/index.php\/category\/wydarzenia\/\" rel=\"category tag\">Wydarzenia<\/a>\t\t\t<\/span>\n\t\t\t<span class=\"meta-sep\">|<\/span>\n\t\t\t\t\t\t<span class=\"comments-link\">\n\t\t\t<a href=\"http:\/\/www.twiga.org.pl\/index.php\/2022\/07\/31\/summer-camp-w-portugalii-talking-bubbles-international-comics-competition\/#respond\">Leave a comment<\/a>\t\t<\/span>\n\t\t\t<\/div>\n<\/div>\n<!-- \/\/ Post Wrap End -->\n\n","protected":false},"excerpt":{"rendered":"<p>Projekty bie\u017c\u0105ce &nbsp;<\/p>\n","protected":false},"author":3,"featured_media":0,"parent":0,"menu_order":0,"comment_status":"closed","ping_status":"closed","template":"","meta":[],"_links":{"self":[{"href":"http:\/\/www.twiga.org.pl\/index.php\/wp-json\/wp\/v2\/pages\/63"}],"collection":[{"href":"http:\/\/www.twiga.org.pl\/index.php\/wp-json\/wp\/v2\/pages"}],"about":[{"href":"http:\/\/www.twiga.org.pl\/index.php\/wp-json\/wp\/v2\/types\/page"}],"author":[{"embeddable":true,"href":"http:\/\/www.twiga.org.pl\/index.php\/wp-json\/wp\/v2\/users\/3"}],"replies":[{"embeddable":true,"href":"http:\/\/www.twiga.org.pl\/index.php\/wp-json\/wp\/v2\/comments?post=63"}],"version-history":[{"count":21,"href":"http:\/\/www.twiga.org.pl\/index.php\/wp-json\/wp\/v2\/pages\/63\/revisions"}],"predecessor-version":[{"id":209,"href":"http:\/\/www.twiga.org.pl\/index.php\/wp-json\/wp\/v2\/pages\/63\/revisions\/209"}],"wp:attachment":[{"href":"http:\/\/www.twiga.org.pl\/index.php\/wp-json\/wp\/v2\/media?parent=63"}],"curies":[{"name":"wp","href":"https:\/\/api.w.org\/{rel}","templated":true}]}}