{"id":510,"date":"2021-06-17T16:35:09","date_gmt":"2021-06-17T16:35:09","guid":{"rendered":"https:\/\/www.twiga.org.pl\/?page_id=510"},"modified":"2021-06-17T17:03:10","modified_gmt":"2021-06-17T17:03:10","slug":"contact","status":"publish","type":"page","link":"http:\/\/www.twiga.org.pl\/index.php\/en\/contact\/","title":{"rendered":"Contact"},"content":{"rendered":"\n<pre id=\"tw-target-text\" class=\"wp-block-preformatted\">contact<\/pre>\n\n\n\n<pre id=\"tw-target-text\" class=\"wp-block-preformatted\"><strong>MANAGEMENT<\/strong>\nPresident - Paulina Zaj\u0105c paulina.zajac@twiga.org.pl\nMember of the Management Board - Patrycja Kozie\u0142 patrycja.koziel@twiga.org.pl\n\n<strong>FOUNDATION COUNCIL<\/strong>\nChairwoman - Senait Ciepli\u0144ska senait.cieplinska@twiga.org.pl\nSamir Saadi samir.saadi@twiga.org.pl\nElmi Abdi elmi.abdi@twiga.org.pl\nVladimir Guzman Contreras vladimir.guzman@twiga.org.pl\nLude Reno\n\n<strong>FOUNDATION DATA:<\/strong>\nKRS: 0000772479\nNIP: 1132993665\nREGON: 382609914\nADDRESS: ul. Afryka\u0144ska 16E \/ 12; 03-966 Warsaw\nTEL: 506557720\nEMAIL: foundation@twiga.org<\/pre>\n","protected":false},"excerpt":{"rendered":"<p>contact MANAGEMENT President &#8211; Paulina Zaj\u0105c paulina.zajac@twiga.org.pl Member of the Management Board &#8211; Patrycja Kozie\u0142 patrycja.koziel@twiga.org.pl FOUNDATION COUNCIL Chairwoman &#8211; Senait Ciepli\u0144ska senait.cieplinska@twiga.org.pl Samir Saadi samir.saadi@twiga.org.pl Elmi Abdi elmi.abdi@twiga.org.pl Vladimir Guzman Contreras vladimir.guzman@twiga.org.pl Lude Reno FOUNDATION DATA: KRS: 0000772479 NIP: 1132993665 REGON: 382609914 ADDRESS: ul. Afryka\u0144ska 16E \/ 12; 03-966 Warsaw TEL: 506557720 EMAIL: foundation@twiga.org<\/p>\n","protected":false},"author":1,"featured_media":0,"parent":0,"menu_order":0,"comment_status":"closed","ping_status":"closed","template":"","meta":[],"_links":{"self":[{"href":"http:\/\/www.twiga.org.pl\/index.php\/wp-json\/wp\/v2\/pages\/510"}],"collection":[{"href":"http:\/\/www.twiga.org.pl\/index.php\/wp-json\/wp\/v2\/pages"}],"about":[{"href":"http:\/\/www.twiga.org.pl\/index.php\/wp-json\/wp\/v2\/types\/page"}],"author":[{"embeddable":true,"href":"http:\/\/www.twiga.org.pl\/index.php\/wp-json\/wp\/v2\/users\/1"}],"replies":[{"embeddable":true,"href":"http:\/\/www.twiga.org.pl\/index.php\/wp-json\/wp\/v2\/comments?post=510"}],"version-history":[{"count":3,"href":"http:\/\/www.twiga.org.pl\/index.php\/wp-json\/wp\/v2\/pages\/510\/revisions"}],"predecessor-version":[{"id":546,"href":"http:\/\/www.twiga.org.pl\/index.php\/wp-json\/wp\/v2\/pages\/510\/revisions\/546"}],"wp:attachment":[{"href":"http:\/\/www.twiga.org.pl\/index.php\/wp-json\/wp\/v2\/media?parent=510"}],"curies":[{"name":"wp","href":"https:\/\/api.w.org\/{rel}","templated":true}]}}