{"id":386,"date":"2020-08-28T17:32:24","date_gmt":"2020-08-28T17:32:24","guid":{"rendered":"http:\/\/www.twiga.org.pl\/?page_id=386"},"modified":"2022-04-24T10:26:57","modified_gmt":"2022-04-24T10:26:57","slug":"konkurs-komiksowy-2","status":"publish","type":"page","link":"http:\/\/www.twiga.org.pl\/index.php\/konkurs-komiksowy-2\/","title":{"rendered":"Konkurs Komiksowy"},"content":{"rendered":"<p><!--StartFragment--><\/p>\n\n\n<p class=\"has-black-color has-text-color\"><strong>Konkurs Komiksowy<\/strong> skierowany jest do m\u0142odzie\u017cy w wieku <strong>od 15 do 20 lat<\/strong> i polega na przygotowaniu przez uczestniczk\u0119\/uczestnika planszy <strong>komiksu w formacieA3<\/strong> przy u\u017cyciu dowolnej techniki. Tematyka prac to jeden z wybranych<strong> <strong><a rel=\"noreferrer noopener\" href=\"http:\/\/www.un.org.pl\/\" target=\"_blank\">Cela\u00f3w Zr\u00f3wnowa\u017conego Rozwoju<\/a><\/strong><\/strong> przyporz\u0105dkowanych do <strong>5 kategorii konkursowych<\/strong>.<\/p>\n\n\n\n<p class=\"has-black-color has-text-color\"><strong>Fundacja Twiga<\/strong> we wsp\u00f3\u0142pracy z <strong><strong><a href=\"http:\/\/www.unic.un.org.pl\/unic_warsaw\/\">O\u015brodkiem Informacji ONZ w Warszawie<\/a><\/strong><\/strong>, <strong><a rel=\"noreferrer noopener\" href=\"https:\/\/timof.pl\/\" data-type=\"URL\" data-id=\"https:\/\/timof.pl\/\" target=\"_blank\">Wydawnictwem Timof Comics<\/a>  i <a rel=\"noreferrer noopener\" href=\"http:\/\/www.komiksowawarszawa.pl\/\" data-type=\"URL\" data-id=\"http:\/\/www.komiksowawarszawa.pl\/\" target=\"_blank\">Festiwalem Komiksowa Warszawa<\/a><\/strong> i <a rel=\"noreferrer noopener\" href=\"https:\/\/www.koszykowa.pl\/\" data-type=\"URL\" data-id=\"https:\/\/www.koszykowa.pl\/\" target=\"_blank\"><strong>Bibliotek\u0105 Publiczn\u0105\u00a0m.st. Warszawy &#8211; Bibliotek\u0105 G\u0142\u00f3wn\u0105 Wojew\u00f3dztwa Mazowieckiego<\/strong><\/a>, organizuje polsk\u0105 edycj\u0119 <strong>Konkursu Komiksowego<\/strong> \u0142\u0105cz\u0105cego tematyk\u0119 zwi\u0105zan\u0105 z <strong><a rel=\"noreferrer noopener\" href=\"http:\/\/www.un.org.pl\/\" target=\"_blank\">Celami Zr\u00f3wnowa\u017conego Rozwoju<\/a><\/strong> i artystyczn\u0105 ekspresj\u0119. Konkurs odbywa si\u0119 w ramach mi\u0119dzynarodowego projektu Talking Bubbles International Comics Competition prowadzonego przez cztery organizacje z r\u00f3\u017cnych pa\u0144stw Europy: ADRA Czechy, ADRA Portugalia, ADRA S\u0142owenia i Fundacja Twiga (Polska) i finansowanego przez Erasmus +\u00a0.<\/p>\n\n\n\n<p class=\"has-black-color has-text-color\"> <strong>1. Jako\u015b\u0107 \u017cycia<\/strong> = cele zr\u00f3wnowa\u017conego rozwoju nr <strong>1, 2, 3, 6<\/strong>.<\/p>\n\n\n\n<p class=\"has-black-color has-text-color\"><strong>2. Zr\u00f3wnowa\u017cony rozw\u00f3j<\/strong> = cele zr\u00f3wnowa\u017conego rozwoju nr <strong>7, 8, 9, 11, 12.<\/strong><\/p>\n\n\n\n<p class=\"has-black-color has-text-color\"><strong>3. Sprawiedliwe spo\u0142ecze\u0144stwo<\/strong> = cele zr\u00f3wnowa\u017conego rozwoju nr <strong>4, 5, 10.<\/strong><\/p>\n\n\n\n<p class=\"has-black-color has-text-color\"><strong>4. Nasza Planeta<\/strong> = cele zr\u00f3wnowa\u017conego rozwoju nr <strong>13, 14, 15.<\/strong><\/p>\n\n\n\n<p class=\"has-black-color has-text-color\"><strong>5. Bezpieczny \u015bwiat<\/strong> = cele zr\u00f3wnowa\u017conego rozwoju nr <strong>16 i 17.<\/strong><\/p>\n\n\n\n<p class=\"has-black-color has-text-color\"><strong>Nab\u00f3r <\/strong>prac trwa od <strong>1.09.2021<\/strong> roku do <strong>28.02.2022<\/strong> roku. G\u0142\u00f3wn\u0105 nagrod\u0105 dla autorek\/autor\u00f3w 5 najlepszych komiks\u00f3w z ka\u017cdej kategorii konkursowej, b\u0119dzie udzia\u0142 w mi\u0119dzynarodowych warsztatach kreatywnych w <strong>Portugalii, w lipcu 2022<\/strong> roku. Na laureatki i laureat\u00f3w miejsc II i III z ka\u017cdej kategorii czekaj\u0105 albumy komiksowe, materia\u0142y plastyczne i warsztat z artyst\u0105 komiksowym. Wr\u0119czenie nagr\u00f3d dla laureatek i laureat\u00f3w miejsc I, II i III z ka\u017cdej kategorii konkursowej oraz wernisa\u017c wszystkich nagrodzonych prac odb\u0119dzie si\u0119 podczas festiwalu <strong>Komiksowa Warszawa w maju 2022<\/strong> roku<\/p>\n\n\n\n<p class=\"has-black-color has-text-color\">Szczeg\u00f3\u0142y uczestnictwa w<a rel=\"noreferrer noopener\" href=\"http:\/\/www.twiga.org.pl\/wp-content\/uploads\/2021\/09\/Regulamin-Konkursu-Komiksowego.pdf\" data-type=\"URL\" data-id=\"http:\/\/www.twiga.org.pl\/wp-content\/uploads\/2021\/09\/Regulamin-Konkursu-Komiksowego.pdf\" target=\"_blank\"><strong> REGULAMINIE.<\/strong><\/a><\/p>\n\n\n\n<p class=\"has-black-color has-text-color\"><strong>ZG\u0141OSZENIA<\/strong><\/p>\n\n\n\n<p class=\"has-text-color\" style=\"color:#0c7db0\">FORMULARZ ZG\u0141OSZENIA &#8211; <a rel=\"noreferrer noopener\" href=\"https:\/\/forms.gle\/sdqApP96J3SqyJXT7\" target=\"_blank\">OSOBY PE\u0141NOLETNIE<\/a><\/p>\n\n\n\n<p class=\"has-text-color\" style=\"color:#8e0505\">FORMULARZ ZG\u0141OSZENIA &#8211; <a rel=\"noreferrer noopener\" href=\"https:\/\/forms.gle\/aqydTW6GQhpekEpe8\" target=\"_blank\">OSOBY <strong>NIE<\/strong>PE\u0141NOLETNIE<\/a><\/p>\n\n\n\n<p class=\"has-text-color\" style=\"color:#8e0505\"><a href=\"http:\/\/www.twiga.org.pl\/wp-content\/uploads\/2021\/11\/Oswiadczenie-rodzica-lub-opiekuna-osoby-niepelnoletniej.pdf\" data-type=\"URL\" data-id=\"http:\/\/www.twiga.org.pl\/wp-content\/uploads\/2021\/11\/Oswiadczenie-rodzica-lub-opiekuna-osoby-niepelnoletniej.pdf\" target=\"_blank\" rel=\"noreferrer noopener\">O\u015aWIADCZENIE RODZICA\/OPIEKUNA OSOBY NIEPE\u0141NOLETNIEJ<\/a><\/p>\n\n\n\n<p class=\"has-black-color has-text-color\">Konkurs organizowany jest od 6 lat w Czechach, a w tym roku uczestnicz\u0105 w nim cztery organizacje z r\u00f3\u017cnych pa\u0144stw Europy: ADRA Czechy, ADRA Portugalia, ADRA S\u0142owenia i Fundacja Twiga (Polska). &nbsp;<\/p>\n\n\n\n<p class=\"has-black-color has-text-color\">Konkurs realizowany jest w ramach projektu <a rel=\"noreferrer noopener\" href=\"http:\/\/www.talking-bubbles.eu\/\" data-type=\"URL\" data-id=\"http:\/\/www.talking-bubbles.eu\/\" target=\"_blank\"><strong>Talking Bubbles International Comics Competition<\/strong><\/a> <a rel=\"noreferrer noopener\" href=\"http:\/\/www.talking-bubbles.eu\/\" target=\"_blank\">http:\/\/www.talking-bubbles.eu\/<\/a><\/p>\n\n\n\n<p class=\"has-black-color has-text-color\"><strong>O projekcie Talking Bubbles International Comics Competition:<\/strong><\/p>\n\n\n\n<p><\/p>\n\n\n<p><!--more--><\/p>\n<p><!--EndFragment--><\/p>\n\n\n<p class=\"has-black-color has-text-color\">Sztuka i kreatywno\u015b\u0107 otwieraj\u0105 umys\u0142y i wspieraj\u0105 my\u015blenie krytyczne. Projekt Talking Bubbles zach\u0119ca m\u0142odych ludzi aby poprzez komiks wyra\u017cali swoje refleksje na tematy globalne jak np. zmiany klimatu, migracje czy r\u00f3wno\u015b\u0107 p\u0142ci i stawali si\u0119 r\u00f3wnie\u017c aktywnymi obywatelkami i obywatelami. Konkurs Komiksowy organizowany w Polsce, Czechach, Portugalii i S\u0142owenii (2021\/2022) tworzy przestrze\u0144 dla autorek\/\u00f3w do zaprezentowania swojego talentu i przemy\u015ble\u0144 na gruncie mi\u0119dzynarodowym.<\/p>\n\n\n\n<p class=\"has-black-color has-text-color\">Zwyci\u0119zcy\/czynie konkurs\u00f3w na szczeblu narodowym spotkaj\u0105 si\u0119 na kreatywnym obozie letnim w Portugalii latem 2022 roku.&nbsp;<\/p>\n\n\n\n<p class=\"has-black-color has-text-color\">Wierzymy, \u017ce komiks jest pot\u0119\u017cnym narz\u0119dziem pracy z m\u0142odzie\u017c\u0105 gdy\u017c motywuje j\u0105 do analizowania oraz krytycznego i kreatywnego my\u015blenia. Aby wesprze\u0107 wykorzystanie go przez nauczycieli i osoby pracuj\u0105ce z m\u0142odzie\u017c\u0105, w pa\u017adzierniku 2021 odb\u0119dzie si\u0119 webinar oraz ruszy e-learning, instruuj\u0105cy ich jak zacz\u0105\u0107.<\/p>\n\n\n\n<p class=\"has-black-color has-text-color\">Projekt realizowany jest w latach 2021-2021 przez &nbsp;czterech partner\u00f3w: ADRA Czechy, ADRA Portugalia, ADRA S\u0142owacja i Fundacja Twiga, przy wsparciu finansowym programu Erasmus + Unii Europejskiej.<\/p>\n\n\n\n<figure class=\"wp-block-image size-large is-resized\"><img loading=\"lazy\" src=\"http:\/\/www.twiga.org.pl\/wp-content\/uploads\/2021\/10\/Konkurs-Komiksowy-Zaproszenie-do-udzialu.png\" alt=\"\" class=\"wp-image-608\" width=\"470\" height=\"394\" srcset=\"http:\/\/www.twiga.org.pl\/wp-content\/uploads\/2021\/10\/Konkurs-Komiksowy-Zaproszenie-do-udzialu.png 940w, http:\/\/www.twiga.org.pl\/wp-content\/uploads\/2021\/10\/Konkurs-Komiksowy-Zaproszenie-do-udzialu-300x251.png 300w, http:\/\/www.twiga.org.pl\/wp-content\/uploads\/2021\/10\/Konkurs-Komiksowy-Zaproszenie-do-udzialu-768x644.png 768w\" sizes=\"(max-width: 470px) 100vw, 470px\" \/><\/figure>\n\n\n\n<p class=\"has-black-color has-text-color\">Nagrodzone prace uczestnik\u00f3w z edycji Konkursu Komiksowego zrealizowanego w latach 2018-2019 w Czechach,<\/p>\n\n\n\n<div class=\"wp-block-columns\">\n<div class=\"wp-block-column\" style=\"flex-basis:100%\">\n<div class=\"wp-block-group\"><div class=\"wp-block-group__inner-container\">\n<figure class=\"wp-block-image size-large\"><img loading=\"lazy\" width=\"1024\" height=\"721\" src=\"http:\/\/www.twiga.org.pl\/wp-content\/uploads\/2021\/12\/1_Cena-oleju-1024x721.png\" alt=\"\" class=\"wp-image-684\" srcset=\"http:\/\/www.twiga.org.pl\/wp-content\/uploads\/2021\/12\/1_Cena-oleju-1024x721.png 1024w, http:\/\/www.twiga.org.pl\/wp-content\/uploads\/2021\/12\/1_Cena-oleju-300x211.png 300w, http:\/\/www.twiga.org.pl\/wp-content\/uploads\/2021\/12\/1_Cena-oleju-768x541.png 768w, http:\/\/www.twiga.org.pl\/wp-content\/uploads\/2021\/12\/1_Cena-oleju-1536x1082.png 1536w, http:\/\/www.twiga.org.pl\/wp-content\/uploads\/2021\/12\/1_Cena-oleju-2048x1443.png 2048w\" sizes=\"(max-width: 1024px) 100vw, 1024px\" \/><figcaption><br><br><br><br><strong>Barbora Dofkov\u00e1, Anna Pezlarov\u00e1: Cena oleju<\/strong><\/figcaption><\/figure>\n\n\n\n<figure class=\"wp-block-image size-large\"><img loading=\"lazy\" width=\"722\" height=\"1024\" src=\"http:\/\/www.twiga.org.pl\/wp-content\/uploads\/2021\/12\/2_Nasz-las-umarl_Matej-Peterka-722x1024.png\" alt=\"\" class=\"wp-image-685\" srcset=\"http:\/\/www.twiga.org.pl\/wp-content\/uploads\/2021\/12\/2_Nasz-las-umarl_Matej-Peterka-722x1024.png 722w, http:\/\/www.twiga.org.pl\/wp-content\/uploads\/2021\/12\/2_Nasz-las-umarl_Matej-Peterka-211x300.png 211w, http:\/\/www.twiga.org.pl\/wp-content\/uploads\/2021\/12\/2_Nasz-las-umarl_Matej-Peterka-768x1090.png 768w, http:\/\/www.twiga.org.pl\/wp-content\/uploads\/2021\/12\/2_Nasz-las-umarl_Matej-Peterka-1082x1536.png 1082w, http:\/\/www.twiga.org.pl\/wp-content\/uploads\/2021\/12\/2_Nasz-las-umarl_Matej-Peterka-1443x2048.png 1443w\" sizes=\"(max-width: 722px) 100vw, 722px\" \/><figcaption><strong>Mat\u011bj Peterka: Nasz las umar\u0142<\/strong><\/figcaption><\/figure>\n\n\n\n<figure class=\"wp-block-image size-large\"><img loading=\"lazy\" width=\"724\" height=\"1024\" src=\"http:\/\/www.twiga.org.pl\/wp-content\/uploads\/2021\/12\/3_Co-z-innymi__My-Linh-Nguyen-724x1024.png\" alt=\"\" class=\"wp-image-686\" srcset=\"http:\/\/www.twiga.org.pl\/wp-content\/uploads\/2021\/12\/3_Co-z-innymi__My-Linh-Nguyen-724x1024.png 724w, http:\/\/www.twiga.org.pl\/wp-content\/uploads\/2021\/12\/3_Co-z-innymi__My-Linh-Nguyen-212x300.png 212w, http:\/\/www.twiga.org.pl\/wp-content\/uploads\/2021\/12\/3_Co-z-innymi__My-Linh-Nguyen-768x1086.png 768w, http:\/\/www.twiga.org.pl\/wp-content\/uploads\/2021\/12\/3_Co-z-innymi__My-Linh-Nguyen-1086x1536.png 1086w, http:\/\/www.twiga.org.pl\/wp-content\/uploads\/2021\/12\/3_Co-z-innymi__My-Linh-Nguyen-1449x2048.png 1449w\" sizes=\"(max-width: 724px) 100vw, 724px\" \/><figcaption><strong>Nora Nguyenov\u00e1: \u2026Co z innymi?<\/strong><\/figcaption><\/figure>\n\n\n\n<figure class=\"wp-block-image size-large\"><img loading=\"lazy\" width=\"727\" height=\"1024\" src=\"http:\/\/www.twiga.org.pl\/wp-content\/uploads\/2021\/12\/4_Sprobuj-i-pomysl-o-tym_Zuzana-Matysova-727x1024.png\" alt=\"\" class=\"wp-image-687\" srcset=\"http:\/\/www.twiga.org.pl\/wp-content\/uploads\/2021\/12\/4_Sprobuj-i-pomysl-o-tym_Zuzana-Matysova-727x1024.png 727w, http:\/\/www.twiga.org.pl\/wp-content\/uploads\/2021\/12\/4_Sprobuj-i-pomysl-o-tym_Zuzana-Matysova-213x300.png 213w, http:\/\/www.twiga.org.pl\/wp-content\/uploads\/2021\/12\/4_Sprobuj-i-pomysl-o-tym_Zuzana-Matysova-768x1082.png 768w, http:\/\/www.twiga.org.pl\/wp-content\/uploads\/2021\/12\/4_Sprobuj-i-pomysl-o-tym_Zuzana-Matysova-1090x1536.png 1090w, http:\/\/www.twiga.org.pl\/wp-content\/uploads\/2021\/12\/4_Sprobuj-i-pomysl-o-tym_Zuzana-Matysova-1454x2048.png 1454w\" sizes=\"(max-width: 727px) 100vw, 727px\" \/><figcaption><strong>Zuzana Matysov\u00e1: Postaraj si\u0119 i pomy\u015bl o tym<\/strong><\/figcaption><\/figure>\n\n\n\n<figure class=\"wp-block-image size-large\"><img loading=\"lazy\" width=\"1024\" height=\"730\" src=\"http:\/\/www.twiga.org.pl\/wp-content\/uploads\/2021\/12\/5_Szkola-stopniala_Karolina-Jachymova-1024x730.png\" alt=\"\" class=\"wp-image-688\" srcset=\"http:\/\/www.twiga.org.pl\/wp-content\/uploads\/2021\/12\/5_Szkola-stopniala_Karolina-Jachymova-1024x730.png 1024w, http:\/\/www.twiga.org.pl\/wp-content\/uploads\/2021\/12\/5_Szkola-stopniala_Karolina-Jachymova-300x214.png 300w, http:\/\/www.twiga.org.pl\/wp-content\/uploads\/2021\/12\/5_Szkola-stopniala_Karolina-Jachymova-768x548.png 768w, http:\/\/www.twiga.org.pl\/wp-content\/uploads\/2021\/12\/5_Szkola-stopniala_Karolina-Jachymova-1536x1096.png 1536w, http:\/\/www.twiga.org.pl\/wp-content\/uploads\/2021\/12\/5_Szkola-stopniala_Karolina-Jachymova-2048x1461.png 2048w\" sizes=\"(max-width: 1024px) 100vw, 1024px\" \/><figcaption><strong>Karol\u00edna J\u00e1chymov\u00e1: Szko\u0142a stopnia\u0142a<\/strong><\/figcaption><\/figure>\n\n\n\n<figure class=\"wp-block-image size-large\"><img loading=\"lazy\" width=\"727\" height=\"1024\" src=\"http:\/\/www.twiga.org.pl\/wp-content\/uploads\/2021\/12\/6_Nie-pozwol-im-zmienic-sie-we-wspomnienia_Natalie-Sediva-727x1024.png\" alt=\"\" class=\"wp-image-689\" srcset=\"http:\/\/www.twiga.org.pl\/wp-content\/uploads\/2021\/12\/6_Nie-pozwol-im-zmienic-sie-we-wspomnienia_Natalie-Sediva-727x1024.png 727w, http:\/\/www.twiga.org.pl\/wp-content\/uploads\/2021\/12\/6_Nie-pozwol-im-zmienic-sie-we-wspomnienia_Natalie-Sediva-213x300.png 213w, http:\/\/www.twiga.org.pl\/wp-content\/uploads\/2021\/12\/6_Nie-pozwol-im-zmienic-sie-we-wspomnienia_Natalie-Sediva-768x1082.png 768w, http:\/\/www.twiga.org.pl\/wp-content\/uploads\/2021\/12\/6_Nie-pozwol-im-zmienic-sie-we-wspomnienia_Natalie-Sediva-1090x1536.png 1090w, http:\/\/www.twiga.org.pl\/wp-content\/uploads\/2021\/12\/6_Nie-pozwol-im-zmienic-sie-we-wspomnienia_Natalie-Sediva-1453x2048.png 1453w\" sizes=\"(max-width: 727px) 100vw, 727px\" \/><figcaption><strong>Nat\u00e1lie \u0160ediv\u00e1: Nie pozw\u00f3l im zmieni\u0107 si\u0119 w wspomnienia<\/strong><\/figcaption><\/figure>\n\n\n\n<figure class=\"wp-block-image size-large\"><img loading=\"lazy\" width=\"724\" height=\"1024\" src=\"http:\/\/www.twiga.org.pl\/wp-content\/uploads\/2021\/12\/7_Male-kroki_Alice_Breckova-724x1024.png\" alt=\"\" class=\"wp-image-690\" srcset=\"http:\/\/www.twiga.org.pl\/wp-content\/uploads\/2021\/12\/7_Male-kroki_Alice_Breckova-724x1024.png 724w, http:\/\/www.twiga.org.pl\/wp-content\/uploads\/2021\/12\/7_Male-kroki_Alice_Breckova-212x300.png 212w, http:\/\/www.twiga.org.pl\/wp-content\/uploads\/2021\/12\/7_Male-kroki_Alice_Breckova-768x1086.png 768w, http:\/\/www.twiga.org.pl\/wp-content\/uploads\/2021\/12\/7_Male-kroki_Alice_Breckova-1086x1536.png 1086w, http:\/\/www.twiga.org.pl\/wp-content\/uploads\/2021\/12\/7_Male-kroki_Alice_Breckova-1448x2048.png 1448w\" sizes=\"(max-width: 724px) 100vw, 724px\" \/><figcaption><strong>Alice B\u0159e\u010dkov\u00e1: Ma\u0142e kroczki<\/strong><\/figcaption><\/figure>\n\n\n\n<figure class=\"wp-block-image size-large\"><img loading=\"lazy\" width=\"724\" height=\"1024\" src=\"http:\/\/www.twiga.org.pl\/wp-content\/uploads\/2021\/12\/8_Strumyk_SEDLACKOVA-VIOLA-724x1024.png\" alt=\"\" class=\"wp-image-691\" srcset=\"http:\/\/www.twiga.org.pl\/wp-content\/uploads\/2021\/12\/8_Strumyk_SEDLACKOVA-VIOLA-724x1024.png 724w, http:\/\/www.twiga.org.pl\/wp-content\/uploads\/2021\/12\/8_Strumyk_SEDLACKOVA-VIOLA-212x300.png 212w, http:\/\/www.twiga.org.pl\/wp-content\/uploads\/2021\/12\/8_Strumyk_SEDLACKOVA-VIOLA-768x1086.png 768w, http:\/\/www.twiga.org.pl\/wp-content\/uploads\/2021\/12\/8_Strumyk_SEDLACKOVA-VIOLA-1086x1536.png 1086w, http:\/\/www.twiga.org.pl\/wp-content\/uploads\/2021\/12\/8_Strumyk_SEDLACKOVA-VIOLA-1448x2048.png 1448w\" sizes=\"(max-width: 724px) 100vw, 724px\" \/><figcaption><strong>Viola Sedl\u00e1\u010dkov\u00e1: Strumyk<\/strong><\/figcaption><\/figure>\n\n\n\n<figure class=\"wp-block-image size-large\"><img loading=\"lazy\" width=\"1024\" height=\"724\" src=\"http:\/\/www.twiga.org.pl\/wp-content\/uploads\/2021\/12\/9_Razem-mozemy-to-zrobic-it-1024x724.png\" alt=\"\" class=\"wp-image-692\" srcset=\"http:\/\/www.twiga.org.pl\/wp-content\/uploads\/2021\/12\/9_Razem-mozemy-to-zrobic-it-1024x724.png 1024w, http:\/\/www.twiga.org.pl\/wp-content\/uploads\/2021\/12\/9_Razem-mozemy-to-zrobic-it-300x212.png 300w, http:\/\/www.twiga.org.pl\/wp-content\/uploads\/2021\/12\/9_Razem-mozemy-to-zrobic-it-768x543.png 768w, http:\/\/www.twiga.org.pl\/wp-content\/uploads\/2021\/12\/9_Razem-mozemy-to-zrobic-it-1536x1086.png 1536w, http:\/\/www.twiga.org.pl\/wp-content\/uploads\/2021\/12\/9_Razem-mozemy-to-zrobic-it-2048x1448.png 2048w\" sizes=\"(max-width: 1024px) 100vw, 1024px\" \/><figcaption><strong>Ane\u017eka Soukupov\u00e1: Razem mo\u017cemy to zrobi\u0107<\/strong><\/figcaption><\/figure>\n<\/div><\/div>\n<\/div>\n<\/div>\n\n\n\n<figure class=\"wp-block-image\"><img alt=\"\"\/><\/figure>\n","protected":false},"excerpt":{"rendered":"<p>Konkurs Komiksowy skierowany jest do m\u0142odzie\u017cy w wieku od 15 do 20 lat i polega na przygotowaniu przez uczestniczk\u0119\/uczestnika planszy komiksu w formacieA3 przy u\u017cyciu dowolnej techniki. Tematyka prac to jeden z wybranych Cela\u00f3w Zr\u00f3wnowa\u017conego Rozwoju przyporz\u0105dkowanych do 5 kategorii konkursowych. Fundacja Twiga we wsp\u00f3\u0142pracy z O\u015brodkiem Informacji ONZ w Warszawie, Wydawnictwem Timof Comics i &hellip;<\/p>\n<p class=\"read-more\"> <a class=\"zta-button\" href=\"http:\/\/www.twiga.org.pl\/index.php\/konkurs-komiksowy-2\/\"> <span class=\"screen-reader-text\">Konkurs Komiksowy<\/span>Czytaj wi\u0119cej!<\/a><\/p>\n","protected":false},"author":1,"featured_media":0,"parent":0,"menu_order":0,"comment_status":"closed","ping_status":"closed","template":"","meta":[],"_links":{"self":[{"href":"http:\/\/www.twiga.org.pl\/index.php\/wp-json\/wp\/v2\/pages\/386"}],"collection":[{"href":"http:\/\/www.twiga.org.pl\/index.php\/wp-json\/wp\/v2\/pages"}],"about":[{"href":"http:\/\/www.twiga.org.pl\/index.php\/wp-json\/wp\/v2\/types\/page"}],"author":[{"embeddable":true,"href":"http:\/\/www.twiga.org.pl\/index.php\/wp-json\/wp\/v2\/users\/1"}],"replies":[{"embeddable":true,"href":"http:\/\/www.twiga.org.pl\/index.php\/wp-json\/wp\/v2\/comments?post=386"}],"version-history":[{"count":29,"href":"http:\/\/www.twiga.org.pl\/index.php\/wp-json\/wp\/v2\/pages\/386\/revisions"}],"predecessor-version":[{"id":808,"href":"http:\/\/www.twiga.org.pl\/index.php\/wp-json\/wp\/v2\/pages\/386\/revisions\/808"}],"wp:attachment":[{"href":"http:\/\/www.twiga.org.pl\/index.php\/wp-json\/wp\/v2\/media?parent=386"}],"curies":[{"name":"wp","href":"https:\/\/api.w.org\/{rel}","templated":true}]}}