{"id":297,"date":"2019-11-07T13:44:02","date_gmt":"2019-11-07T13:44:02","guid":{"rendered":"http:\/\/www.twiga.org.pl\/?page_id=297"},"modified":"2022-02-04T15:53:06","modified_gmt":"2022-02-04T15:53:06","slug":"o-nas","status":"publish","type":"page","link":"http:\/\/www.twiga.org.pl\/index.php\/o-nas\/","title":{"rendered":"O nas"},"content":{"rendered":"\n<p><strong>CELE I ZASADY DZIA\u0141ANIA FUNDACJI<\/strong><\/p>\n\n\n\n<p><\/p>\n\n\n\n<ol class=\"has-black-color has-text-color\"><li>Rozpowszechnianie,\npropagowanie, upowszechnianie, krzewienie edukacji, promowanie, prowadzenie,\ndokumentowanie i finansowanie wszelkiej dzia\u0142alno\u015bci&nbsp; w zakresie edukacji globalnej,\nmi\u0119dzykulturowej, antydyskryminacyjnej, kulturalnej i artystycznej oraz kultury\ni sztuki w kraju i za granic\u0105,<\/li><li>Budowanie,\npromowanie i rozwijanie&nbsp; wsp\u00f3\u0142pracy na\nrzecz rozwoju z krajami rozwijaj\u0105cymi si\u0119 ze szczeg\u00f3lnym uwzgl\u0119dnieniem\nkontynentu afryka\u0144skiego,<\/li><li>Integracja r\u00f3\u017cnorodnych \u015brodowisk lokalnych,\nregionalnych, og\u00f3lnopolskich &nbsp;i\nmi\u0119dzynarodowych na rzecz edukacji, wzajemnego wsparcia, wymiany do\u015bwiadcze\u0144,\numiej\u0119tno\u015bci, wiedzy oraz dialogu mi\u0119dzykulturowego,<\/li><li>Dzia\u0142anie na\nrzecz zr\u00f3wnowa\u017conego rozwoju, praw cz\u0142owieka, ochrony \u015brodowiska, sprawiedliwego\nhandlu i odpowiedzialnej konsumpcji,<\/li><li>Dzia\u0142ania na\nrzecz mniejszo\u015bci narodowych i r\u00f3\u017cnorodno\u015bci kulturowej, integracja i\naktywizacja ro\u017cnych grup spo\u0142ecznych i kulturowych, szczeg\u00f3lnie tych\ndefaworyzowanych w kraju i za granic\u0105, <\/li><li>Popularyzacja\nwiedzy o kulturach i spo\u0142ecze\u0144stwach \u015bwiata,<\/li><li>Poszerzanie\n\u015bwiadomo\u015bci i wiedzy oraz podnoszenie umiej\u0119tno\u015bci spo\u0142ecze\u0144stw w zakresie\nedukacji globalnej, mi\u0119dzykulturowej, kulturalnej i artystycznej, <\/li><li>Przeciwdzia\u0142anie\nwszelkim formom rasizmu, dyskryminacji, ksenofobii, uprzedze\u0144, a tak\u017ce,\nzwi\u0119kszania \u015bwiadomo\u015bci i wiedzy na temat r\u00f3\u017cnorodno\u015bci spo\u0142ecze\u0144stw &nbsp;i wielokulturowo\u015bci,<\/li><li>Szerzenie\npostaw obywatelskich, postaw solidarno\u015bci i r\u00f3wno\u015bci oraz uwra\u017cliwianie na\nr\u00f3\u017cnorodno\u015b\u0107 kulturow\u0105 i spo\u0142eczn\u0105,<\/li><li>Pog\u0142\u0119bianie\ndialogu mi\u0119dzykulturowego oraz dzia\u0142alno\u015b\u0107 na rzecz integracji i wsp\u00f3\u0142pracy\nmi\u0119dzy spo\u0142ecze\u0144stwami, <\/li><li>Kszta\u0142towanie\ni rozw\u00f3j umiej\u0119tno\u015bci spo\u0142ecznych, kulturowych, artystycznych i zawodowych\nw\u015br\u00f3d dzieci, m\u0142odzie\u017cy i doros\u0142ych,<\/li><li>Wspieranie i\nprowadzenie produkcji, dystrybucji i promocji utwor\u00f3w audiowizualnych,&nbsp;&nbsp; w tym zw\u0142aszcza film\u00f3w m\u0142odych tw\u00f3rc\u00f3w,\ntw\u00f3rc\u00f3w wywodz\u0105cych si\u0119 z r\u00f3\u017cnych grup spo\u0142ecznych i kulturowych, <\/li><li>Integrowanie \u015brodowisk artystycznych, o\u015bwiatowych\ni dzia\u0142aj\u0105cych na polu edukacji globalnej, mi\u0119dzykulturowej, kultury, sztuki,\nedukacji nieformalnej,<\/li><li>Krzewienie edukacji i kultury filmowej,<\/li><li>Promocja\nkinematografii mi\u0119dzynarodowych w Polsce, <\/li><li>Wspieranie\ntw\u00f3rczo\u015bci filmowej o wysokich walorach artystycznych, <\/li><li>Pomoc w\nrozwoju artystycznym i zawodowym tw\u00f3rc\u00f3w,<\/li><li>Wspieranie mi\u0119dzynarodowej wymiany artystycznej,\nkulturowej i o\u015bwiatowej<\/li><li>Promocja polskich&nbsp;\nartyst\u00f3w i ich tw\u00f3rczo\u015bci w kraju i zagranic\u0105, <\/li><li>Promocja&nbsp;\nmi\u0119dzynarodowych artyst\u00f3w w Polsce, <\/li><li>Organizowanie\nwarsztat\u00f3w i szkole\u0144 dla dzieci, m\u0142odzie\u017cy i doros\u0142ych w ramach edukacji\nmi\u0119dzykulturowej, artystycznej, globalnej oraz rozwoju umiej\u0119tno\u015bci\nspo\u0142ecznych,<\/li><li>Organizowanie\ndzia\u0142a\u0144 z zakresu edukacji nieformalnej (w szczeg\u00f3lno\u015bci warsztat\u00f3w, szkole\u0144,\nkonkurs\u00f3w, wymian m\u0142odzie\u017cy, wycieczek) podnosz\u0105cych wybrane kompetencje\ndzieci, m\u0142odzie\u017cy i m\u0142odych ludzi, os\u00f3b doros\u0142ych i senior\u00f3w,<\/li><li>Wspieranie dzia\u0142alno\u015bci wolontariackiej. <\/li><\/ol>\n\n\n\n<p><\/p>\n\n\n\n<p class=\"has-black-color has-text-color\"><strong>Fundacja realizuje swoje cele poprzez:<\/strong><\/p>\n\n\n\n<ol class=\"has-black-color has-text-color\"><li>Inicjowanie, organizowanie, propagowanie r\u00f3\u017cnorodnych form aktywnego wsp\u00f3\u0142dzia\u0142ania kreatywnych \u015brodowisk tw\u00f3rczych, naukowych, o\u015bwiatowych\u00a0i lokalnych spo\u0142eczno\u015bci na rzecz edukacji globalnej, mi\u0119dzykulturowej,\u00a0 kulturalnej i artystycznej,<\/li><li>Organizowanie warsztat\u00f3w i szkole\u0144 dla dzieci, m\u0142odzie\u017cy i doros\u0142ych w ramach edukacji mi\u0119dzykulturowej oraz rozwoju umiej\u0119tno\u015bci spo\u0142ecznych,<\/li><li>Organizowanie dzia\u0142a\u0144 z zakresu edukacji nieformalnej (w szczeg\u00f3lno\u015bci warsztat\u00f3w, szkole\u0144, konkurs\u00f3w, wymian m\u0142odzie\u017cy, wycieczek) podnosz\u0105cej wybrane kompetencje dzieci, m\u0142odzie\u017cy i m\u0142odych ludzi, os\u00f3b doros\u0142ych i senior\u00f3w, <\/li><li>Upowszechnianie edukacji globalnej, mi\u0119dzykulturowej, kulturowej, artystycznej\u00a0i antydyskryminacyjnej, w tym wprowadzanie element\u00f3w edukacji globalnej do systemu szkolnictwa,<\/li><li>Propagowanie kreatywnych, nowoczesnych form edukacji globalnej, kulturalnej\u00a0i artystycznej przy wykorzystaniu nowych technologii,<\/li><li>Wspieranie rozwoju innowacyjnych technologii,<\/li><li>Upowszechnianie wiedzy oraz prowadzenie wymiany informacji z zakresu nowoczesnych technologii, organizacji i zarz\u0105dzania,<\/li><li>Organizowanie i prowadzenie konferencji, wyk\u0142ad\u00f3w, szkole\u0144, seminari\u00f3w, kurs\u00f3w, warsztat\u00f3w i innych form debaty zwi\u0105zanych z celami statutowymi Fundacji,<\/li><li>Opracowywanie materia\u0142\u00f3w edukacyjnych oraz dydaktycznych,<\/li><li>Organizowanie i wspieranie dzia\u0142alno\u015bci kulturalnej w zakresie tw\u00f3rczo\u015bci, edukacji\u00a0i upowszechniania edukacji globalnej, kultury i r\u00f3\u017cnorodnych dziedzin sztuki,<\/li><li>Organizowanie akcji i projekt\u00f3w zwi\u0105zanych z promowaniem tolerancji oraz walki\u00a0z uprzedzeniami, dyskryminacj\u0105 i ksenofobi\u0105,<\/li><li>Realizowanie projekt\u00f3w aktywizuj\u0105cych m\u0142odzie\u017c do inicjowania samodzielnych dzia\u0142a\u0144 opartych na wsp\u00f3\u0142pracy mi\u0119dzynarodowej, <\/li><li>Wsp\u00f3\u0142prac\u0119 z samorz\u0105dami, organizacjami pozarz\u0105dowymi, instytucjami kultury, o\u015bwiaty i organizacjami w zakresie prowadzenia dzia\u0142alno\u015bci edukacyjnej i kulturalnej\u00a0 na rzecz uczestnictwa w kulturze, sprzyjaj\u0105cej podnoszeniu kompetencji spo\u0142ecze\u0144stwa oraz przygotowaniu do aktywnego udzia\u0142u \u00a0w r\u00f3\u017cnych formach \u017cycia spo\u0142ecznego\u00a0a tak\u017ce pozosta\u0142ych celach dzia\u0142ania Fundacji, <\/li><li>Organizowanie pracy wolontariackiej i wspieranie jej rozwoju a tak\u017ce promowanie aktywnej dzia\u0142alno\u015bci spo\u0142ecznej, wolontaryjnej oraz upowszechnienie dobrych wzorc\u00f3w dzia\u0142alno\u015bci na poziomie lokalnym, regionalnym i mi\u0119dzynarodowym,<\/li><li>Niesienie pomocy, w szczeg\u00f3lno\u015bci pomoc rozwojowej i humanitarnej w krajach rozwijaj\u0105cych si\u0119,<\/li><li>Dzia\u0142ania na rzecz integracji \u015brodowisk o\u015bwiatowych i tw\u00f3rczych oraz grup spo\u0142ecznych i kulturowych \u00a0w kraju i za granic\u0105 poprzez organizacj\u0119 wsp\u00f3lnych sympozj\u00f3w, spotka\u0144, warsztat\u00f3w, plener\u00f3w, <\/li><li>Podejmowanie dzia\u0142a\u0144 organizacyjnych i doradczych w dziedzinie kultury i sztuki wspomagaj\u0105cych inicjatywy lokalnych spo\u0142eczno\u015bci, w szczeg\u00f3lno\u015bci organizacja imprez edukacyjnych, kulturalnych i rozrywkowych (w tym przegl\u0105d\u00f3w, festiwali, konkurs\u00f3w, plener\u00f3w, wystaw itp.),<\/li><li>Prowadzenie poradnictwa obywatelskiego, w postaci niezale\u017cnych us\u0142ug wspieraj\u0105cych samodzielno\u015b\u0107 obywateli,<\/li><li>Rzecznictwo interes\u00f3w grup marginalizowanych spo\u0142ecznie,<\/li><li>Wspieranie wszelkich form artystycznego przekazu kszta\u0142tuj\u0105cych aktywn\u0105 edukacj\u0119 na rzecz globalnych wsp\u00f3\u0142zale\u017cno\u015bci i wyzwa\u0144, przeciwdzia\u0142ania dyskryminacji, zwalczania stereotyp\u00f3w,<\/li><li>Organizowanie i finansowanie festiwali oraz przegl\u0105d\u00f3w filmowych, <\/li><li>Organizowanie i finansowanie pokaz\u00f3w film\u00f3w w kraju i za granic\u0105, <\/li><li>Organizowanie i finansowanie festiwali artystycznych i edukacyjnych w kraju i za granic\u0105;<\/li><li>Prowadzenie konkurs\u00f3w, festiwali, przegl\u0105d\u00f3w zwi\u0105zanych z filmem, organizacj\u0119 szkole\u0144 i kurs\u00f3w zwi\u0105zanych z bran\u017c\u0105 film\u00f3w,<\/li><li>Inicjowanie dzia\u0142a\u0144 wspieraj\u0105cych budowanie partnerstw lokalnych i mi\u0119dzynarodowych, w dziedzinie edukacyjnej, kulturalnej i artystycznej wymiany oraz mobilno\u015bci tw\u00f3rc\u00f3w i edukator\u00f3w na rzecz realizacji w\u0142asnych i wsp\u00f3lnych projekt\u00f3w w kraju i za granic\u0105, <\/li><li>Inicjowanie i organizowanie festiwali, wystaw, wernisa\u017cy, wyk\u0142ad\u00f3w, spotka\u0144 artystycznych, prelekcji, koncert\u00f3w, spektakli, projekcji film\u00f3w, warsztat\u00f3w, kurs\u00f3w\u00a0i szkole\u0144 oraz innych imprez o charakterze kulturalnym, naukowym i edukacyjnym, kt\u00f3re stwarzaj\u0105 okazje do spotka\u0144, wymiany do\u015bwiadcze\u0144 i dyskusji,<\/li><li>Prowadzenie dzia\u0142alno\u015bci edukacyjnej, badawczej, wydawniczej, fonograficznej, filmowej, telewizyjnej, prasowej bezpo\u015brednio zwi\u0105zanej z celami Fundacji,<\/li><li>Tworzenie materia\u0142\u00f3w medialnych i kampanii spo\u0142ecznych o tre\u015bciach spo\u0142ecznie zaanga\u017cowanych, <\/li><li>Pozyskiwanie i gromadzenie \u015brodk\u00f3w finansowych, \u015brodk\u00f3w materialnych i niematerialnych na dla realizacji cel\u00f3w statutowych,<\/li><li>Prowadzenie portalu, strony internetowej.<\/li><\/ol>\n\n\n\n<p class=\"has-black-color has-text-color\"><strong>DZIA\u0141ALNO\u015a\u0106 GOSPODARCZA FUNDACJI<\/strong><\/p>\n\n\n\n<p class=\"has-black-color has-text-color\">Fundacja mo\u017ce prowadzi\u0107 dzia\u0142alno\u015b\u0107 gospodarcz\u0105 w zakresie (wg. klasyfikacji PKD):<\/p>\n\n\n\n<ol type=\"1\" class=\"has-black-color has-text-color\"><li>Produkcja film\u00f3w, nagra\u0144 wideo, program\u00f3w telewizyjnych (PKD 59.11.Z);<\/li><li>Postprodukcja zwi\u0105zana z filmami, nagraniami wideo i programami telewizyjnymi (PKD 59.12.Z);<\/li><li>Dystrybucja film\u00f3w, nagra\u0144 wideo i program\u00f3w telewizyjnych \u2013 (PKD 59.13. Z);<\/li><li>Wydawanie ksi\u0105\u017cek \u2013 (PKD 58.11.Z);<\/li><li>Wydawanie czasopism i pozosta\u0142ych periodyk\u00f3w \u2013 (PKD 58.14.Z);<\/li><li>Dzia\u0142alno\u015b\u0107 w zakresie nagra\u0144 d\u017awi\u0119kowych i muzycznych \u2013 (PKD 59.20.Z);<\/li><li>Pozosta\u0142a dzia\u0142alno\u015b\u0107 wydawnicza \u2013 (PKD 58.19.Z);<\/li><li>Sprzeda\u017c detaliczna ksi\u0105\u017cek prowadzona w wyspecjalizowanych sklepach \u2013 (PKD 47.61.Z);<\/li><li>Sprzeda\u017c detaliczna nagra\u0144 d\u017awi\u0119kowych i audiowizualnych prowadzona w wyspecjalizowanych sklepach \u2013 (PKD 47.63.Z);<\/li><li>Sprzeda\u017c detaliczna prowadzona przez domy sprzeda\u017cy wysy\u0142kowej lub Internet- (PKD 47.91.Z);<\/li><li>Pozosta\u0142a sprzeda\u017c detaliczna prowadzona poza sieci\u0105 sklepow\u0105, straganami i targowiskami \u2013(PKD \u00a047.99.Z);<\/li><li>Artystyczna i literacka dzia\u0142alno\u015b\u0107 tw\u00f3rcza \u2013 (PKD 90.03.Z);<\/li><li>Dzia\u0142alno\u015b\u0107 portali internetowych \u2013 (PKD 63.12.Z);<\/li><li>Pozosta\u0142a dzia\u0142alno\u015b\u0107 profesjonalna, naukowa i techniczna, gdzie indziej niesklasyfikowana \u2013 (PKD 74.90.Z);<\/li><li>Pozaszkolne formy edukacji artystycznej (PKD 85.52.Z);<\/li><li>Dzia\u0142alno\u015b\u0107 zwi\u0105zana z organizacj\u0105 targ\u00f3w, wystaw i kongres\u00f3w (PKD 82.30.Z);<\/li><li>Dzia\u0142alno\u015b\u0107 reklamowa (PKD 73.11.Z).<\/li><\/ol>\n","protected":false},"excerpt":{"rendered":"<p>CELE I ZASADY DZIA\u0141ANIA FUNDACJI Rozpowszechnianie, propagowanie, upowszechnianie, krzewienie edukacji, promowanie, prowadzenie, dokumentowanie i finansowanie wszelkiej dzia\u0142alno\u015bci&nbsp; w zakresie edukacji globalnej, mi\u0119dzykulturowej, antydyskryminacyjnej, kulturalnej i artystycznej oraz kultury i sztuki w kraju i za granic\u0105, Budowanie, promowanie i rozwijanie&nbsp; wsp\u00f3\u0142pracy na rzecz rozwoju z krajami rozwijaj\u0105cymi si\u0119 ze szczeg\u00f3lnym uwzgl\u0119dnieniem kontynentu afryka\u0144skiego, Integracja r\u00f3\u017cnorodnych \u015brodowisk &hellip;<\/p>\n<p class=\"read-more\"> <a class=\"zta-button\" href=\"http:\/\/www.twiga.org.pl\/index.php\/o-nas\/\"> <span class=\"screen-reader-text\">O nas<\/span>Czytaj wi\u0119cej!<\/a><\/p>\n","protected":false},"author":3,"featured_media":0,"parent":0,"menu_order":0,"comment_status":"closed","ping_status":"closed","template":"","meta":[],"_links":{"self":[{"href":"http:\/\/www.twiga.org.pl\/index.php\/wp-json\/wp\/v2\/pages\/297"}],"collection":[{"href":"http:\/\/www.twiga.org.pl\/index.php\/wp-json\/wp\/v2\/pages"}],"about":[{"href":"http:\/\/www.twiga.org.pl\/index.php\/wp-json\/wp\/v2\/types\/page"}],"author":[{"embeddable":true,"href":"http:\/\/www.twiga.org.pl\/index.php\/wp-json\/wp\/v2\/users\/3"}],"replies":[{"embeddable":true,"href":"http:\/\/www.twiga.org.pl\/index.php\/wp-json\/wp\/v2\/comments?post=297"}],"version-history":[{"count":4,"href":"http:\/\/www.twiga.org.pl\/index.php\/wp-json\/wp\/v2\/pages\/297\/revisions"}],"predecessor-version":[{"id":710,"href":"http:\/\/www.twiga.org.pl\/index.php\/wp-json\/wp\/v2\/pages\/297\/revisions\/710"}],"wp:attachment":[{"href":"http:\/\/www.twiga.org.pl\/index.php\/wp-json\/wp\/v2\/media?parent=297"}],"curies":[{"name":"wp","href":"https:\/\/api.w.org\/{rel}","templated":true}]}}