{"id":169,"date":"2019-10-07T21:42:11","date_gmt":"2019-10-07T21:42:11","guid":{"rendered":"http:\/\/www.twiga.org.pl\/?page_id=169"},"modified":"2020-09-11T06:56:51","modified_gmt":"2020-09-11T06:56:51","slug":"kontakt","status":"publish","type":"page","link":"http:\/\/www.twiga.org.pl\/index.php\/kontakt\/","title":{"rendered":"Kontakt"},"content":{"rendered":"\n<p><strong>ZARZ\u0104D<\/strong><\/p>\n\n\n\n<p>Prezeska &#8211; Paulina Zaj\u0105c&nbsp; <a href=\"mailto:paulina.zajac@twiga.org.pl\">paulina.zajac@twiga.org.pl<\/a><\/p>\n\n\n\n<p>Cz\u0142onkini Zarz\u0105du &#8211; Patrycja Kozie\u0142 <a href=\"mailto:patrycja.koziel@twiga.org.pl\">patrycja.koziel@twiga.org.pl<\/a><\/p>\n\n\n\n<p><strong>RADA FUNDACJI<\/strong><\/p>\n\n\n\n<p>Przewodnicz\u0105ca &#8211; Senait Ciepli\u0144ska senait.cieplinska@twiga.org.pl<\/p>\n\n\n\n<p>Samir Saadi samir.saadi@twiga.org.pl<\/p>\n\n\n\n<p>Elmi Abdi elmi.abdi@twiga.org.pl<\/p>\n\n\n\n<p>Vladimir Guzman Contreras vladimir.guzman@twiga.org.pl<\/p>\n\n\n\n<p>Lude Reno<\/p>\n\n\n\n<p><\/p>\n\n\n\n<p><strong>DANE FUNDACJI:<\/strong><\/p>\n\n\n\n<p><strong>KRS<\/strong>: 0000772479<\/p>\n\n\n\n<p><strong>NIP:<\/strong>&nbsp;1132993665<\/p>\n\n\n\n<p><strong>REGON:&nbsp;<\/strong>382609914<\/p>\n\n\n\n<p><strong>ADRES<\/strong>: ul. Afryka\u0144ska 16E \/ 12;  03-966 Warszawa <\/p>\n\n\n\n<p>                <\/p>\n\n\n\n<p><strong>TEL:<\/strong> 506557720<\/p>\n\n\n\n<p><strong>EMAIL:<\/strong> foundation@twiga.org.pl<\/p>\n","protected":false},"excerpt":{"rendered":"<p>ZARZ\u0104D Prezeska &#8211; Paulina Zaj\u0105c&nbsp; paulina.zajac@twiga.org.pl Cz\u0142onkini Zarz\u0105du &#8211; Patrycja Kozie\u0142 patrycja.koziel@twiga.org.pl RADA FUNDACJI Przewodnicz\u0105ca &#8211; Senait Ciepli\u0144ska senait.cieplinska@twiga.org.pl Samir Saadi samir.saadi@twiga.org.pl Elmi Abdi elmi.abdi@twiga.org.pl Vladimir Guzman Contreras vladimir.guzman@twiga.org.pl Lude Reno DANE FUNDACJI: KRS: 0000772479 NIP:&nbsp;1132993665 REGON:&nbsp;382609914 ADRES: ul. Afryka\u0144ska 16E \/ 12; 03-966 Warszawa TEL: 506557720 EMAIL: foundation@twiga.org.pl<\/p>\n","protected":false},"author":2,"featured_media":0,"parent":0,"menu_order":0,"comment_status":"closed","ping_status":"closed","template":"","meta":[],"_links":{"self":[{"href":"http:\/\/www.twiga.org.pl\/index.php\/wp-json\/wp\/v2\/pages\/169"}],"collection":[{"href":"http:\/\/www.twiga.org.pl\/index.php\/wp-json\/wp\/v2\/pages"}],"about":[{"href":"http:\/\/www.twiga.org.pl\/index.php\/wp-json\/wp\/v2\/types\/page"}],"author":[{"embeddable":true,"href":"http:\/\/www.twiga.org.pl\/index.php\/wp-json\/wp\/v2\/users\/2"}],"replies":[{"embeddable":true,"href":"http:\/\/www.twiga.org.pl\/index.php\/wp-json\/wp\/v2\/comments?post=169"}],"version-history":[{"count":15,"href":"http:\/\/www.twiga.org.pl\/index.php\/wp-json\/wp\/v2\/pages\/169\/revisions"}],"predecessor-version":[{"id":405,"href":"http:\/\/www.twiga.org.pl\/index.php\/wp-json\/wp\/v2\/pages\/169\/revisions\/405"}],"wp:attachment":[{"href":"http:\/\/www.twiga.org.pl\/index.php\/wp-json\/wp\/v2\/media?parent=169"}],"curies":[{"name":"wp","href":"https:\/\/api.w.org\/{rel}","templated":true}]}}